{"id":493,"date":"2026-01-25T16:39:02","date_gmt":"2026-01-25T16:39:02","guid":{"rendered":"https:\/\/economarquage.com\/home\/"},"modified":"2026-02-16T04:23:20","modified_gmt":"2026-02-16T04:23:20","slug":"home","status":"publish","type":"page","link":"https:\/\/economarquage.com\/fr\/","title":{"rendered":"Accueil"},"content":{"rendered":"<div class=\"wp-block-uagb-container uagb-block-de13c167 alignfull uagb-is-root-container\"><div class=\"uagb-container-inner-blocks-wrap\">\n<div class=\"wp-block-uagb-info-box uagb-block-60b997e4 uagb-infobox__content-wrap  uagb-infobox-icon-above-title uagb-infobox-image-valign-top\"><div class=\"uagb-ifb-content\"><div class=\"uagb-ifb-title-wrap\"><h3 class=\"uagb-ifb-title-prefix\">Bienvenue chez Econo Marquage<\/h3><h1 class=\"uagb-ifb-title\">Nous aidons les propri\u00e9taires immobiliers \u00e0 optimiser les revenus de leur stationnement<\/h1><\/div><\/div><\/div>\n<\/div><\/div>\n\n\n\n<div class=\"wp-block-uagb-container uag-blocks-common-selector uagb-block-b582cb62 alignfull uagb-is-root-container\"><div class=\"uagb-container-inner-blocks-wrap\">\n<div class=\"wp-block-uagb-container uagb-block-ab0fc0c8\">\n<div class=\"wp-block-uagb-info-box uagb-block-ea91e5d1 uagb-infobox__content-wrap  uagb-infobox-icon-above-title uagb-infobox-image-valign-top\"><div class=\"uagb-ifb-content\"><div class=\"uagb-ifb-title-wrap\"><h2 class=\"uagb-ifb-title\">Nous comprenons les propri\u00e9taires<\/h2><\/div><p class=\"uagb-ifb-desc\">Chez Econo Marquage, nous ne faisons pas que tracer des lignes \u2014 nous concevons des am\u00e9liorations mesurables de la performance de vos actifs.<br>Chaque am\u00e9nagement de stationnement que nous concevons est optimis\u00e9 selon les priorit\u00e9s des propri\u00e9taires.<br><br>Notre approche est fond\u00e9e sur la logique financi\u00e8re, l'efficacit\u00e9 op\u00e9rationnelle et une exp\u00e9rience concr\u00e8te en gestion immobili\u00e8re. Le r\u00e9sultat : des solutions de stationnement qui am\u00e9liorent directement le revenu net d'exploitation, la satisfaction des locataires et la valeur du b\u00e2timent.<\/p><\/div><\/div>\n<\/div>\n\n\n\n<div class=\"wp-block-uagb-container uagb-layout-flex uagb-block-35e4709c\">\n<div class=\"wp-block-uagb-container uagb-layout-grid uagb-block-6b387464\">\n<div class=\"wp-block-uagb-container uagb-block-cac0c9b3\">\n<div class=\"wp-block-uagb-info-box uagb-block-edf90495 uagb-infobox__content-wrap  uagb-infobox-icon-above-title uagb-infobox-image-valign-top\"><div class=\"uagb-ifb-content\"><div class=\"uagb-ifb-title-wrap\"><h3 class=\"uagb-ifb-title\">Taux d'Utilisation<\/h3><\/div><p class=\"uagb-ifb-desc\">Sachez combien de places sont r\u00e9serv\u00e9es aux locataires et combien de places suppl\u00e9mentaires peuvent \u00eatre lou\u00e9es.<\/p><\/div><\/div>\n<\/div>\n\n\n\n<div class=\"wp-block-uagb-container uagb-block-a1376088\">\n<div class=\"wp-block-uagb-info-box uagb-block-fd9a162f uagb-infobox__content-wrap  uagb-infobox-icon-above-title uagb-infobox-image-valign-top\"><div class=\"uagb-ifb-content\"><div class=\"uagb-ifb-title-wrap\"><h3 class=\"uagb-ifb-title\">R\u00e9duction des co\u00fbts<\/h3><\/div><p class=\"uagb-ifb-desc\">Une meilleure planification permet un d\u00e9neigement plus efficace et moins de r\u00e9clamations d'assurance.<\/p><\/div><\/div>\n<\/div>\n\n\n\n<div class=\"wp-block-uagb-container uagb-block-f5bea168\">\n<div class=\"wp-block-uagb-info-box uagb-block-3d320031 uagb-infobox__content-wrap  uagb-infobox-icon-above-title uagb-infobox-image-valign-top\"><div class=\"uagb-ifb-content\"><div class=\"uagb-ifb-title-wrap\"><h3 class=\"uagb-ifb-title\">R\u00e9duction des appels de service<\/h3><\/div><p class=\"uagb-ifb-desc\">Des voies de stationnement, une signalisation et une num\u00e9rotation claires minimisent les conflits entre locataires.<\/p><\/div><\/div>\n<\/div>\n\n\n\n<div class=\"wp-block-uagb-container uagb-block-467bfe88\">\n<div class=\"wp-block-uagb-info-box uagb-block-e3b20a30 uagb-infobox__content-wrap  uagb-infobox-icon-above-title uagb-infobox-image-valign-top\"><div class=\"uagb-ifb-content\"><div class=\"uagb-ifb-title-wrap\"><h3 class=\"uagb-ifb-title\">Rendement direct<\/h3><\/div><p class=\"uagb-ifb-desc\">\u00c0 un taux de capitalisation de 5 %, chaque tranche de 100 $ de loyer mensuel suppl\u00e9mentaire, ou de 100 $ de r\u00e9duction de d\u00e9penses, ajoute 24 000 $ \u00e0 la valeur du b\u00e2timent.<\/p><\/div><\/div>\n<\/div>\n<\/div>\n<\/div>\n<\/div><\/div>\n\n\n\n<div class=\"wp-block-uagb-container uag-blocks-common-selector uagb-block-65b6ce60 alignfull uagb-is-root-container\"><div class=\"uagb-container-inner-blocks-wrap\">\n<div class=\"wp-block-uagb-container uagb-block-58b26743\">\n<div class=\"wp-block-uagb-info-box uagb-block-4c92b8e9 uagb-infobox__content-wrap  uagb-infobox-icon-above-title uagb-infobox-image-valign-top\"><div class=\"uagb-ifb-content\"><div class=\"uagb-ifb-title-wrap\"><h2 class=\"uagb-ifb-title\">Nos Services<\/h2><\/div><\/div><\/div>\n<\/div>\n\n\n\n<div class=\"wp-block-uagb-container uagb-layout-grid uagb-block-5031fb51\">\n<div class=\"wp-block-uagb-info-box uagb-block-f051ebd8 uagb-infobox__content-wrap  uagb-infobox-icon-above-title uagb-infobox-image-valign-top wp-block-uagb-info-box--has-margin\"><div class=\"uagb-infobox-margin-wrapper\"><div class=\"uagb-ifb-content\"><div class=\"uagb-ifb-image-content\"><img decoding=\"async\" src=\"https:\/\/economarquage.com\/wp-content\/uploads\/2026\/02\/special-signage.jpg\" alt=\"\" width=\"963\" height=\"640\" loading=\"lazy\"\/><\/div><div class=\"uagb-ifb-title-wrap\"><h3 class=\"uagb-ifb-title\">Services de marquage de stationnement<\/h3><\/div><p class=\"uagb-ifb-desc\">Nos services de marquage de stationnement sont adapt\u00e9s aux exigences sp\u00e9cifiques de chaque propri\u00e9t\u00e9. <br><br>Qu'il s'agisse de tra\u00e7age de lignes, de marquage au sol ou d'installation de signalisation, nous avons l'expertise n\u00e9cessaire pour am\u00e9liorer la fonctionnalit\u00e9 et l'apparence de votre stationnement.<\/p><\/div><\/div><\/div>\n\n\n\n<div class=\"wp-block-uagb-info-box uagb-block-e954ed29 uagb-infobox__content-wrap  uagb-infobox-icon-above-title uagb-infobox-image-valign-top wp-block-uagb-info-box--has-margin\"><div class=\"uagb-infobox-margin-wrapper\"><div class=\"uagb-ifb-content\"><div class=\"uagb-ifb-image-content\"><img decoding=\"async\" src=\"https:\/\/economarquage.com\/wp-content\/uploads\/2026\/02\/parked-cars-Copy.jpg\" alt=\"\" width=\"707\" height=\"470\" loading=\"lazy\"\/><\/div><div class=\"uagb-ifb-title-wrap\"><h3 class=\"uagb-ifb-title\">Optimisation de propri\u00e9t\u00e9<\/h3><\/div><p class=\"uagb-ifb-desc\">En plus du marquage de stationnement, nous offrons des solutions d'optimisation de propri\u00e9t\u00e9 pour aider les propri\u00e9taires \u00e0 tirer le meilleur parti de leurs espaces de stationnement. <br><br>De la conception d'am\u00e9nagement \u00e0 l'analyse de march\u00e9, nous fournissons des strat\u00e9gies pour maximiser les revenus de stationnement et am\u00e9liorer l'efficacit\u00e9 globale.<\/p><\/div><\/div><\/div>\n\n\n\n<div class=\"wp-block-uagb-info-box uagb-block-65efee6f uagb-infobox__content-wrap  uagb-infobox-icon-above-title uagb-infobox-image-valign-top wp-block-uagb-info-box--has-margin\"><div class=\"uagb-infobox-margin-wrapper\"><div class=\"uagb-ifb-content\"><div class=\"uagb-ifb-image-content\"><img decoding=\"async\" src=\"https:\/\/economarquage.com\/wp-content\/uploads\/2026\/02\/parking-lot.jpg\" alt=\"\" width=\"966\" height=\"640\" loading=\"lazy\"\/><\/div><div class=\"uagb-ifb-title-wrap\"><h3 class=\"uagb-ifb-title\">Rendu de mod\u00e8le de plan<\/h3><\/div><p class=\"uagb-ifb-desc\">Notre plateforme conviviale vous permet de planifier et de programmer facilement vos projets de stationnement. <br><br>Profitez de notre processus de r\u00e9servation sans tracas et commencez d\u00e8s aujourd'hui \u00e0 am\u00e9liorer votre propri\u00e9t\u00e9.<\/p><\/div><\/div><\/div>\n<\/div>\n<\/div><\/div>\n\n\n\n<div class=\"wp-block-uagb-info-box uagb-block-d5ab0bae uagb-infobox__content-wrap  uagb-infobox-icon-above-title uagb-infobox-image-valign-top\"><div class=\"uagb-ifb-content\"><div class=\"uagb-ifb-title-wrap\"><h4 class=\"uagb-ifb-title-prefix\"><br>\u00c9tudes de cas<\/h4><h2 class=\"uagb-ifb-title\">Nos r\u00e9alisations r\u00e9centes<\/h2><\/div><\/div><\/div>\n\n\n\n<div class=\"wp-block-uagb-container uagb-block-e75d3911 alignwide uagb-is-root-container\">\n<div class=\"wp-block-uagb-container uagb-block-7ca1331f\">\n<div class=\"wp-block-uagb-advanced-heading uagb-block-19d199a3\"><h5 class=\"uagb-heading-text\">Client \u00e0 Longueuil<\/h5><p class=\"uagb-desc-text\"><br>D'un stationnement initial de 24 places, nous l'avons r\u00e9am\u00e9nag\u00e9 en un stationnement de 32 places.<br>\u200b<br>Les 8 places suppl\u00e9mentaires ont toutes \u00e9t\u00e9 lou\u00e9es, g\u00e9n\u00e9rant 4 800 $ de revenus annuels additionnels et augmentant la valeur du b\u00e2timent de plus de 120 000 $ !<\/p><\/div>\n<\/div>\n\n\n\n<div class=\"wp-block-uagb-container uagb-block-ee046839\">\n<div class=\"wp-block-uagb-advanced-heading uagb-block-3fd8a777\"><h5 class=\"uagb-heading-text\">Client \u00e0 La Prairie<\/h5><p class=\"uagb-desc-text\"><br>Un stationnement de 64 places sans syst\u00e8me d'attribution. Nous avons mis en place un syst\u00e8me de cartographie en ligne et num\u00e9rot\u00e9 chaque place.<br>&nbsp;<br>Cela a \u00e9limin\u00e9 toutes les plaintes des locataires et a \u00e9galement permis de rep\u00e9rer 6 places suppl\u00e9mentaires \u00e0 louer.<\/p><\/div>\n<\/div>\n\n\n\n<div class=\"wp-block-uagb-container uagb-block-f5e608da\">\n<div class=\"wp-block-uagb-advanced-heading uagb-block-70ea70ef\"><h5 class=\"uagb-heading-text\">Client \u00e0 Brossard<\/h5><p class=\"uagb-desc-text\"><br>Une garderie sans marquage, avec des parents qui se stationnaient dangereusement pendant le d\u00e9p\u00f4t des tout-petits.<br><br>Nous avons con\u00e7u 12 zones de d\u00e9p\u00f4t d\u00e9sign\u00e9es tout en redirigeant la circulation des voitures vers une direction commune.<\/p><\/div>\n<\/div>\n\n\n\n<div class=\"wp-block-uagb-container uagb-block-a7d4a4e8\">\n<div class=\"wp-block-uagb-advanced-heading uagb-block-9828d0ec\"><h5 class=\"uagb-heading-text\"><strong><strong>Client \u00e0 Granby<\/strong><\/strong><\/h5><p class=\"uagb-desc-text\"><br>Nous avons cr\u00e9\u00e9 un syst\u00e8me de num\u00e9rotation pour un stationnement de 100 places partag\u00e9 par 4 b\u00e2timents, afin d'\u00e9liminer les plaintes des locataires.<br><br>Nous avons \u00e9galement pu cr\u00e9er 4 places suppl\u00e9mentaires \u00e0 louer.<\/p><\/div>\n<\/div>\n<\/div>\n\n\n\n<div class=\"wp-block-uagb-container uagb-block-01a5eb8e alignfull uagb-is-root-container\"><div class=\"uagb-container-inner-blocks-wrap\"><\/div><\/div>","protected":false},"excerpt":{"rendered":"<p>Client in Longueuil From an initial 24 spaces parking lot, we redesigned into a 32 spaces parking lot.\u200bAll 8 extra spots have been rented, generating $4,800 additional annual revenues, and increasing the value of the building by $120,000+! Client at La Prairie A 64 spaces parking lot with no assignment system. We&#8217;ve set up an [&hellip;]<\/p>\n","protected":false},"author":1,"featured_media":0,"parent":0,"menu_order":0,"comment_status":"closed","ping_status":"closed","template":"","meta":{"_uag_custom_page_level_css":"","site-sidebar-layout":"no-sidebar","site-content-layout":"plain-container","ast-site-content-layout":"normal-width-container","site-content-style":"unboxed","site-sidebar-style":"unboxed","ast-global-header-display":"","ast-banner-title-visibility":"","ast-main-header-display":"","ast-hfb-above-header-display":"","ast-hfb-below-header-display":"","ast-hfb-mobile-header-display":"","site-post-title":"disabled","ast-breadcrumbs-content":"","ast-featured-img":"disabled","footer-sml-layout":"","ast-disable-related-posts":"","theme-transparent-header-meta":"enabled","adv-header-id-meta":"","stick-header-meta":"","header-above-stick-meta":"","header-main-stick-meta":"","header-below-stick-meta":"","astra-migrate-meta-layouts":"set","ast-page-background-enabled":"default","ast-page-background-meta":{"desktop":{"background-color":"var(--ast-global-color-4)","background-image":"","background-repeat":"repeat","background-position":"center center","background-size":"auto","background-attachment":"scroll","background-type":"","background-media":"","overlay-type":"","overlay-color":"","overlay-opacity":"","overlay-gradient":""},"tablet":{"background-color":"","background-image":"","background-repeat":"repeat","background-position":"center center","background-size":"auto","background-attachment":"scroll","background-type":"","background-media":"","overlay-type":"","overlay-color":"","overlay-opacity":"","overlay-gradient":""},"mobile":{"background-color":"","background-image":"","background-repeat":"repeat","background-position":"center center","background-size":"auto","background-attachment":"scroll","background-type":"","background-media":"","overlay-type":"","overlay-color":"","overlay-opacity":"","overlay-gradient":""}},"ast-content-background-meta":{"desktop":{"background-color":"var(--ast-global-color-5)","background-image":"","background-repeat":"repeat","background-position":"center center","background-size":"auto","background-attachment":"scroll","background-type":"","background-media":"","overlay-type":"","overlay-color":"","overlay-opacity":"","overlay-gradient":""},"tablet":{"background-color":"var(--ast-global-color-5)","background-image":"","background-repeat":"repeat","background-position":"center center","background-size":"auto","background-attachment":"scroll","background-type":"","background-media":"","overlay-type":"","overlay-color":"","overlay-opacity":"","overlay-gradient":""},"mobile":{"background-color":"var(--ast-global-color-5)","background-image":"","background-repeat":"repeat","background-position":"center center","background-size":"auto","background-attachment":"scroll","background-type":"","background-media":"","overlay-type":"","overlay-color":"","overlay-opacity":"","overlay-gradient":""}},"footnotes":""},"class_list":["post-493","page","type-page","status-publish","hentry"],"aioseo_notices":[],"_hostinger_reach_plugin_has_subscription_block":false,"_hostinger_reach_plugin_is_elementor":false,"uagb_featured_image_src":{"full":false,"thumbnail":false,"medium":false,"medium_large":false,"large":false,"1536x1536":false,"2048x2048":false,"trp-custom-language-flag":false},"uagb_author_info":{"display_name":"vanfina@gmail.com","author_link":"https:\/\/economarquage.com\/fr\/author\/vanfinagmail-com\/"},"uagb_comment_info":0,"uagb_excerpt":"Client in Longueuil From an initial 24 spaces parking lot, we redesigned into a 32 spaces parking lot.\u200bAll 8 extra spots have been rented, generating $4,800 additional annual revenues, and increasing the value of the building by $120,000+! Client at La Prairie A 64 spaces parking lot with no assignment system. We&#8217;ve set up an&hellip;","_links":{"self":[{"href":"https:\/\/economarquage.com\/fr\/wp-json\/wp\/v2\/pages\/493","targetHints":{"allow":["GET"]}}],"collection":[{"href":"https:\/\/economarquage.com\/fr\/wp-json\/wp\/v2\/pages"}],"about":[{"href":"https:\/\/economarquage.com\/fr\/wp-json\/wp\/v2\/types\/page"}],"author":[{"embeddable":true,"href":"https:\/\/economarquage.com\/fr\/wp-json\/wp\/v2\/users\/1"}],"replies":[{"embeddable":true,"href":"https:\/\/economarquage.com\/fr\/wp-json\/wp\/v2\/comments?post=493"}],"version-history":[{"count":10,"href":"https:\/\/economarquage.com\/fr\/wp-json\/wp\/v2\/pages\/493\/revisions"}],"predecessor-version":[{"id":2105,"href":"https:\/\/economarquage.com\/fr\/wp-json\/wp\/v2\/pages\/493\/revisions\/2105"}],"wp:attachment":[{"href":"https:\/\/economarquage.com\/fr\/wp-json\/wp\/v2\/media?parent=493"}],"curies":[{"name":"wp","href":"https:\/\/api.w.org\/{rel}","templated":true}]}}