{"id":497,"date":"2026-01-25T16:39:02","date_gmt":"2026-01-25T16:39:02","guid":{"rendered":"https:\/\/economarquage.com\/services\/"},"modified":"2026-02-14T04:08:25","modified_gmt":"2026-02-14T04:08:25","slug":"services","status":"publish","type":"page","link":"https:\/\/economarquage.com\/fr\/services\/","title":{"rendered":"Services"},"content":{"rendered":"<div class=\"wp-block-uagb-container uagb-block-cef93154 alignfull uagb-is-root-container\"><div class=\"uagb-container-inner-blocks-wrap\">\n<div class=\"wp-block-uagb-advanced-heading uagb-block-ee43a231\"><h1 class=\"uagb-heading-text\">Services<\/h1><\/div>\n<\/div><\/div>\n\n\n\n<div class=\"wp-block-uagb-container uagb-block-ca134fa2 alignfull uagb-is-root-container\"><div class=\"uagb-container-inner-blocks-wrap\">\n<div class=\"wp-block-uagb-info-box uagb-block-fb923f24 uagb-infobox__content-wrap  uagb-infobox-icon-above-title uagb-infobox-image-valign-top\"><div class=\"uagb-ifb-content\"><div class=\"uagb-ifb-title-wrap\"><\/div><\/div><\/div>\n\n\n\n<div class=\"wp-block-uagb-container uagb-layout-grid uagb-block-5031fb51\">\n<div class=\"wp-block-uagb-info-box uagb-block-f051ebd8 uagb-infobox__content-wrap  uagb-infobox-icon-above-title uagb-infobox-image-valign-top wp-block-uagb-info-box--has-margin\"><div class=\"uagb-infobox-margin-wrapper\"><div class=\"uagb-ifb-content\"><div class=\"uagb-ifb-image-content\"><img decoding=\"async\" src=\"https:\/\/economarquage.com\/wp-content\/uploads\/2026\/02\/parking-lot.jpg\" alt=\"\" width=\"966\" height=\"640\" loading=\"lazy\"\/><\/div><div class=\"uagb-ifb-title-wrap\"><h3 class=\"uagb-ifb-title\">Optimisation de propri\u00e9t\u00e9<\/h3><\/div><p class=\"uagb-ifb-desc\">Nous nous sp\u00e9cialisons dans l'optimisation de propri\u00e9t\u00e9 pour vous aider \u00e0 tirer le meilleur parti de votre espace de stationnement.<br>&nbsp;<br>Qu'il s'agisse de r\u00e9organiser les am\u00e9nagements de stationnement ou de mettre en \u0153uvre des solutions innovantes, nous nous engageons \u00e0 maximiser le potentiel de stationnement de votre propri\u00e9t\u00e9.<\/p><\/div><\/div><\/div>\n\n\n\n<div class=\"wp-block-uagb-info-box uagb-block-e954ed29 uagb-infobox__content-wrap  uagb-infobox-icon-above-title uagb-infobox-image-valign-top wp-block-uagb-info-box--has-margin\"><div class=\"uagb-infobox-margin-wrapper\"><div class=\"uagb-ifb-content\"><div class=\"uagb-ifb-image-content\"><img decoding=\"async\" src=\"https:\/\/economarquage.com\/wp-content\/uploads\/2026\/02\/marker-machine.jpg\" alt=\"\" width=\"812\" height=\"545\" loading=\"lazy\"\/><\/div><div class=\"uagb-ifb-title-wrap\"><h3 class=\"uagb-ifb-title\">Marquage de lignes de stationnement<\/h3><\/div><p class=\"uagb-ifb-desc\">Notre service de marquage de stationnement est con\u00e7u pour am\u00e9liorer la circulation, maximiser l'espace de stationnement et renforcer la s\u00e9curit\u00e9 des conducteurs et des pi\u00e9tons.<br>&nbsp;<br>Nous utilisons des mat\u00e9riaux de haute qualit\u00e9 et des techniques conformes aux normes de l'industrie pour garantir des marquages durables et clairs.<\/p><\/div><\/div><\/div>\n\n\n\n<div class=\"wp-block-uagb-info-box uagb-block-6babea65 uagb-infobox__content-wrap  uagb-infobox-icon-above-title uagb-infobox-image-valign-top wp-block-uagb-info-box--has-margin\"><div class=\"uagb-infobox-margin-wrapper\"><div class=\"uagb-ifb-content\"><div class=\"uagb-ifb-image-content\"><img decoding=\"async\" src=\"https:\/\/economarquage.com\/wp-content\/uploads\/2026\/02\/parking-maintenance.jpg\" alt=\"\" width=\"966\" height=\"647\" loading=\"lazy\"\/><\/div><div class=\"uagb-ifb-title-wrap\"><h3 class=\"uagb-ifb-title\">Entretien de stationnement<\/h3><\/div><p class=\"uagb-ifb-desc\">Les marquages de voies doivent g\u00e9n\u00e9ralement \u00eatre refaits tous les 7 \u00e0 10 ans, selon des facteurs tels que les conditions m\u00e9t\u00e9orologiques et le volume de circulation. Ceci est essentiel pour maintenir cette source de revenus.<\/p><\/div><\/div><\/div>\n<\/div>\n<\/div><\/div>","protected":false},"excerpt":{"rendered":"<p>Services<\/p>","protected":false},"author":1,"featured_media":0,"parent":0,"menu_order":0,"comment_status":"closed","ping_status":"closed","template":"","meta":{"_uag_custom_page_level_css":"","site-sidebar-layout":"no-sidebar","site-content-layout":"plain-container","ast-site-content-layout":"normal-width-container","site-content-style":"unboxed","site-sidebar-style":"unboxed","ast-global-header-display":"","ast-banner-title-visibility":"","ast-main-header-display":"","ast-hfb-above-header-display":"","ast-hfb-below-header-display":"","ast-hfb-mobile-header-display":"","site-post-title":"disabled","ast-breadcrumbs-content":"","ast-featured-img":"disabled","footer-sml-layout":"","ast-disable-related-posts":"","theme-transparent-header-meta":"enabled","adv-header-id-meta":"","stick-header-meta":"","header-above-stick-meta":"","header-main-stick-meta":"","header-below-stick-meta":"","astra-migrate-meta-layouts":"set","ast-page-background-enabled":"default","ast-page-background-meta":{"desktop":{"background-color":"var(--ast-global-color-4)","background-image":"","background-repeat":"repeat","background-position":"center center","background-size":"auto","background-attachment":"scroll","background-type":"","background-media":"","overlay-type":"","overlay-color":"","overlay-opacity":"","overlay-gradient":""},"tablet":{"background-color":"","background-image":"","background-repeat":"repeat","background-position":"center center","background-size":"auto","background-attachment":"scroll","background-type":"","background-media":"","overlay-type":"","overlay-color":"","overlay-opacity":"","overlay-gradient":""},"mobile":{"background-color":"","background-image":"","background-repeat":"repeat","background-position":"center center","background-size":"auto","background-attachment":"scroll","background-type":"","background-media":"","overlay-type":"","overlay-color":"","overlay-opacity":"","overlay-gradient":""}},"ast-content-background-meta":{"desktop":{"background-color":"var(--ast-global-color-5)","background-image":"","background-repeat":"repeat","background-position":"center center","background-size":"auto","background-attachment":"scroll","background-type":"","background-media":"","overlay-type":"","overlay-color":"","overlay-opacity":"","overlay-gradient":""},"tablet":{"background-color":"var(--ast-global-color-5)","background-image":"","background-repeat":"repeat","background-position":"center center","background-size":"auto","background-attachment":"scroll","background-type":"","background-media":"","overlay-type":"","overlay-color":"","overlay-opacity":"","overlay-gradient":""},"mobile":{"background-color":"var(--ast-global-color-5)","background-image":"","background-repeat":"repeat","background-position":"center center","background-size":"auto","background-attachment":"scroll","background-type":"","background-media":"","overlay-type":"","overlay-color":"","overlay-opacity":"","overlay-gradient":""}},"footnotes":""},"class_list":["post-497","page","type-page","status-publish","hentry"],"aioseo_notices":[],"_hostinger_reach_plugin_has_subscription_block":false,"_hostinger_reach_plugin_is_elementor":false,"uagb_featured_image_src":{"full":false,"thumbnail":false,"medium":false,"medium_large":false,"large":false,"1536x1536":false,"2048x2048":false,"trp-custom-language-flag":false},"uagb_author_info":{"display_name":"vanfina@gmail.com","author_link":"https:\/\/economarquage.com\/fr\/author\/vanfinagmail-com\/"},"uagb_comment_info":0,"uagb_excerpt":"Services","_links":{"self":[{"href":"https:\/\/economarquage.com\/fr\/wp-json\/wp\/v2\/pages\/497","targetHints":{"allow":["GET"]}}],"collection":[{"href":"https:\/\/economarquage.com\/fr\/wp-json\/wp\/v2\/pages"}],"about":[{"href":"https:\/\/economarquage.com\/fr\/wp-json\/wp\/v2\/types\/page"}],"author":[{"embeddable":true,"href":"https:\/\/economarquage.com\/fr\/wp-json\/wp\/v2\/users\/1"}],"replies":[{"embeddable":true,"href":"https:\/\/economarquage.com\/fr\/wp-json\/wp\/v2\/comments?post=497"}],"version-history":[{"count":5,"href":"https:\/\/economarquage.com\/fr\/wp-json\/wp\/v2\/pages\/497\/revisions"}],"predecessor-version":[{"id":2101,"href":"https:\/\/economarquage.com\/fr\/wp-json\/wp\/v2\/pages\/497\/revisions\/2101"}],"wp:attachment":[{"href":"https:\/\/economarquage.com\/fr\/wp-json\/wp\/v2\/media?parent=497"}],"curies":[{"name":"wp","href":"https:\/\/api.w.org\/{rel}","templated":true}]}}