{"id":501,"date":"2026-01-25T16:39:02","date_gmt":"2026-01-25T16:39:02","guid":{"rendered":"https:\/\/economarquage.com\/contact\/"},"modified":"2026-02-14T03:49:57","modified_gmt":"2026-02-14T03:49:57","slug":"quote","status":"publish","type":"page","link":"https:\/\/economarquage.com\/fr\/quote\/","title":{"rendered":"Soumission"},"content":{"rendered":"<div class=\"wp-block-uagb-container uagb-block-ffc1542d alignfull uagb-is-root-container\"><div class=\"uagb-container-inner-blocks-wrap\">\n<div class=\"wp-block-uagb-advanced-heading uagb-block-bdd64c41\"><h1 class=\"uagb-heading-text\">Demande de soumission<\/h1><\/div>\n<\/div><\/div>\n\n\n\n<div class=\"wp-block-uagb-container uagb-block-7dc9cc23 alignfull uagb-is-root-container\"><div class=\"uagb-container-inner-blocks-wrap\">\n<div class=\"wp-block-uagb-info-box uagb-block-7631e7c5 uagb-infobox__content-wrap  uagb-infobox-icon-above-title uagb-infobox-image-valign-top\"><div class=\"uagb-ifb-content\"><div class=\"uagb-ifb-title-wrap\"><h3 class=\"uagb-ifb-title\">Veuillez remplir le formulaire ci-dessous pour obtenir une soumission selon vos besoins. <br>N'h\u00e9sitez pas \u00e0 ajouter autant de d\u00e9tails que possible.<\/h3><\/div><\/div><\/div>\n\n\n\n<div class=\"wp-block-uagb-forms uagb-forms__outer-wrap uagb-block-0fb5b343 uagb-forms__medium-btn\"><form class=\"uagb-forms-main-form\" method=\"post\" autocomplete=\"on\" name=\"uagb-form-0fb5b343\" action=\"\">\n<div class=\"wp-block-uagb-forms-name uagb-forms-name-wrap uagb-forms-field-set uagb-block-7d432890\"><div class=\"uagb-forms-name-label required uagb-forms-input-label\" id=\"7d432890\">Nom complet<\/div><input type=\"text\" placeholder=\"John\" required class=\"uagb-forms-name-input uagb-forms-input\" name=\"7d432890\" autocomplete=\"given-name\"\/><\/div>\n\n\n\n<div class=\"wp-block-uagb-forms-email uagb-forms-email-wrap uagb-forms-field-set uagb-block-3fcad3a4\"><div class=\"uagb-forms-email-label required uagb-forms-input-label\" id=\"3fcad3a4\">Courriel<\/div><input type=\"email\" class=\"uagb-forms-email-input uagb-forms-input\" placeholder=\"example@mail.com\" required name=\"3fcad3a4\" autocomplete=\"email\"\/><\/div>\n\n\n\n<div class=\"wp-block-uagb-forms-textarea uagb-forms-textarea-wrap uagb-forms-field-set uagb-block-d7fa474b\"><div class=\"uagb-forms-textarea-label required uagb-forms-input-label\" id=\"d7fa474b\">Adresse (du stationnement)<\/div><textarea required class=\"uagb-forms-textarea-input uagb-forms-input\" rows=\"2\" placeholder=\"Enter your message\" name=\"d7fa474b\" autocomplete=\"off\"><\/textarea><\/div>\n\n\n\n<div class=\"wp-block-uagb-forms-select uagb-forms-select-wrap uagb-forms-field-set uagb-block-10996cab\"><div class=\"uagb-forms-select-label  uagb-forms-input-label\" id=\"10996cab\">\u00c9ch\u00e9ancier<\/div><select class=\"uagb-forms-select-box uagb-forms-input\" name=\"10996cab\"><option value=\"\" disabled selected>Select your option<\/option><option value=\"Urgent (< 1 week)\">Urgent (&lt; 1 week)<\/option><option value=\"Within a month\">Within a month<\/option><option value=\"Within 1-3 months\">Within 1-3 months<\/option><option value=\"Within the year\">Within the year<\/option><\/select><\/div>\n\n\n\n<div class=\"wp-block-uagb-forms-checkbox uagb-forms-checkbox-wrap uagb-forms-field-set uagb-block-4be107a3\"><div class=\"uagb-forms-checkbox-label  uagb-forms-input-label\" id=\"4be107a3\"><\/div><input type=\"checkbox\" class=\"uagb-forms-checkbox\" id=\"checkbox-consulting-required-for-complete-re-design-4be107a3\" name=\"[]\" value=\"Consulting required for complete re-design\"\/><label for=\"checkbox-consulting-required-for-complete-re-design-4be107a3\">Consultation requise pour une refonte compl\u00e8te<\/label><br\/><input type=\"checkbox\" class=\"uagb-forms-checkbox\" id=\"checkbox-setup-and-drawing-of-a-digital-map-of-parking-lot-4be107a3\" name=\"[]\" value=\"Setup and drawing of a digital map of parking lot\"\/><label for=\"checkbox-setup-and-drawing-of-a-digital-map-of-parking-lot-4be107a3\">Configuration et dessin d'un plan num\u00e9rique du stationnement<\/label><br\/><\/div>\n\n\n\n<div class=\"wp-block-uagb-forms-textarea uagb-forms-textarea-wrap uagb-forms-field-set uagb-block-8228ebf6\"><div class=\"uagb-forms-textarea-label  uagb-forms-input-label\" id=\"8228ebf6\">Autres d\u00e9tails<\/div><textarea class=\"uagb-forms-textarea-input uagb-forms-input\" rows=\"4\" placeholder=\"Enter your message\" name=\"8228ebf6\" autocomplete=\"off\"><\/textarea><\/div>\n<div class=\"uagb-forms-form-hidden-data\"><input type=\"hidden\" class=\"uagb_forms_form_label\" value=\"Spectra Form\"\/><input type=\"hidden\" class=\"uagb_forms_form_id\" value=\"uagb-form-0fb5b343\"\/><\/div><div class=\"uagb-form-reacaptcha-error-0fb5b343\"><\/div><div class=\"uagb-forms-main-submit-button-wrap wp-block-button\"><button class=\"uagb-forms-main-submit-button wp-block-button__link\"><div class=\"uagb-forms-main-submit-button-text\">Envoyer<\/div><\/button><\/div><input type=\"hidden\" name=\"trp-form-language\" value=\"fr\"\/><\/form><div class=\"uagb-forms-success-message-0fb5b343 uagb-forms-submit-message-hide\"><span>The form has been submitted successfully!<\/span><\/div><div class=\"uagb-forms-failed-message-0fb5b343 uagb-forms-submit-message-hide\"><span>There has been some error while submitting the form. Please verify all form fields again.<\/span><\/div><\/div>\n<\/div><\/div>","protected":false},"excerpt":{"rendered":"<p>Demande de soumission<\/p>","protected":false},"author":1,"featured_media":0,"parent":0,"menu_order":0,"comment_status":"closed","ping_status":"closed","template":"","meta":{"_uag_custom_page_level_css":"","site-sidebar-layout":"no-sidebar","site-content-layout":"plain-container","ast-site-content-layout":"normal-width-container","site-content-style":"unboxed","site-sidebar-style":"unboxed","ast-global-header-display":"","ast-banner-title-visibility":"","ast-main-header-display":"","ast-hfb-above-header-display":"","ast-hfb-below-header-display":"","ast-hfb-mobile-header-display":"","site-post-title":"disabled","ast-breadcrumbs-content":"","ast-featured-img":"disabled","footer-sml-layout":"","ast-disable-related-posts":"","theme-transparent-header-meta":"enabled","adv-header-id-meta":"","stick-header-meta":"","header-above-stick-meta":"","header-main-stick-meta":"","header-below-stick-meta":"","astra-migrate-meta-layouts":"set","ast-page-background-enabled":"default","ast-page-background-meta":{"desktop":{"background-color":"var(--ast-global-color-4)","background-image":"","background-repeat":"repeat","background-position":"center center","background-size":"auto","background-attachment":"scroll","background-type":"","background-media":"","overlay-type":"","overlay-color":"","overlay-opacity":"","overlay-gradient":""},"tablet":{"background-color":"","background-image":"","background-repeat":"repeat","background-position":"center center","background-size":"auto","background-attachment":"scroll","background-type":"","background-media":"","overlay-type":"","overlay-color":"","overlay-opacity":"","overlay-gradient":""},"mobile":{"background-color":"","background-image":"","background-repeat":"repeat","background-position":"center center","background-size":"auto","background-attachment":"scroll","background-type":"","background-media":"","overlay-type":"","overlay-color":"","overlay-opacity":"","overlay-gradient":""}},"ast-content-background-meta":{"desktop":{"background-color":"var(--ast-global-color-5)","background-image":"","background-repeat":"repeat","background-position":"center center","background-size":"auto","background-attachment":"scroll","background-type":"","background-media":"","overlay-type":"","overlay-color":"","overlay-opacity":"","overlay-gradient":""},"tablet":{"background-color":"var(--ast-global-color-5)","background-image":"","background-repeat":"repeat","background-position":"center center","background-size":"auto","background-attachment":"scroll","background-type":"","background-media":"","overlay-type":"","overlay-color":"","overlay-opacity":"","overlay-gradient":""},"mobile":{"background-color":"var(--ast-global-color-5)","background-image":"","background-repeat":"repeat","background-position":"center center","background-size":"auto","background-attachment":"scroll","background-type":"","background-media":"","overlay-type":"","overlay-color":"","overlay-opacity":"","overlay-gradient":""}},"footnotes":""},"class_list":["post-501","page","type-page","status-publish","hentry"],"aioseo_notices":[],"_hostinger_reach_plugin_has_subscription_block":false,"_hostinger_reach_plugin_is_elementor":false,"uagb_featured_image_src":{"full":false,"thumbnail":false,"medium":false,"medium_large":false,"large":false,"1536x1536":false,"2048x2048":false,"trp-custom-language-flag":false},"uagb_author_info":{"display_name":"vanfina@gmail.com","author_link":"https:\/\/economarquage.com\/fr\/author\/vanfinagmail-com\/"},"uagb_comment_info":0,"uagb_excerpt":"Quote Inquiry","_links":{"self":[{"href":"https:\/\/economarquage.com\/fr\/wp-json\/wp\/v2\/pages\/501","targetHints":{"allow":["GET"]}}],"collection":[{"href":"https:\/\/economarquage.com\/fr\/wp-json\/wp\/v2\/pages"}],"about":[{"href":"https:\/\/economarquage.com\/fr\/wp-json\/wp\/v2\/types\/page"}],"author":[{"embeddable":true,"href":"https:\/\/economarquage.com\/fr\/wp-json\/wp\/v2\/users\/1"}],"replies":[{"embeddable":true,"href":"https:\/\/economarquage.com\/fr\/wp-json\/wp\/v2\/comments?post=501"}],"version-history":[{"count":7,"href":"https:\/\/economarquage.com\/fr\/wp-json\/wp\/v2\/pages\/501\/revisions"}],"predecessor-version":[{"id":2096,"href":"https:\/\/economarquage.com\/fr\/wp-json\/wp\/v2\/pages\/501\/revisions\/2096"}],"wp:attachment":[{"href":"https:\/\/economarquage.com\/fr\/wp-json\/wp\/v2\/media?parent=501"}],"curies":[{"name":"wp","href":"https:\/\/api.w.org\/{rel}","templated":true}]}}